{"id":5,"date":"2023-06-22T15:33:35","date_gmt":"2023-06-22T13:33:35","guid":{"rendered":"https:\/\/hexint.pl\/?page_id=5"},"modified":"2023-08-06T19:16:46","modified_gmt":"2023-08-06T17:16:46","slug":"mesmerize","status":"publish","type":"page","link":"https:\/\/hexint.pl\/","title":{"rendered":"Front Page"},"content":{"rendered":"<div  data-label=\"O Firmie\" data-id=\"about--3\" data-export-id=\"about-1\" data-category=\"about\" class=\"about-1 content-section\" id=\"o-firmie-1\" style=\"background-color: rgb(245, 250, 253);\"><div  class=\"gridContainer\"> <div  class=\"row text-center\"><div  class=\"section-title-col\" data-type=\"column\">  <h2  class=\"\">O Firmie<\/h2> <p  class=\"lead\">W bran\u017cy informatycznej dzia\u0142amy od 2006 roku.<br >Zapewniamy profesjonalne wsparcie informatyczne, zdalnie lub w siedzibie klienta. <\/p><h1  class=\"\"><\/h1><\/div> <\/div> <div  class=\"row\"> <div  class=\"button-holder space-bottom space-bottom-small\" data-type=\"column\"> <\/div> <div  class=\"col-xs bottom-xs flexbox image-group-bottom-3-img space-bottom-xs center-xs\"> <a data-cp-link=\"1\" href=\"#\" class=\"left-img-anchor\" target=\"_self\" rel=\"noopener\"><img  decoding=\"async\" class=\"left-img shadow-large-black\" data-size=\"500x300\" src=\"https:\/\/hexint.pl\/wp-content\/uploads\/2023\/06\/cropped-pexels-panumas-nikhomkhai-11488201-scaled-1.jpg\"><\/a> <img  decoding=\"async\" class=\"center-img shadow-large-black\" data-size=\"500x300\" src=\"https:\/\/hexint.pl\/wp-content\/uploads\/2023\/06\/cropped-pexels-kevin-malik-9017746-scaled-1.jpg\" title=\"pexels-kevin-malik-9017746\" alt=\"\"> <img  decoding=\"async\" class=\"right-img shadow-large-black\" data-size=\"500x300\" src=\"https:\/\/hexint.pl\/wp-content\/uploads\/2023\/06\/cropped-cropped-pexels-karsten-madsen-18104-scaled-1.jpg\" title=\"pexels-karsten-madsen-18104\" alt=\"\"><\/div> <\/div><\/div> <\/div><div  data-label=\"Oferta\" data-id=\"features--1\" data-export-id=\"features-13\" data-category=\"features\" class=\"features-13 content-section content-section-spacing\" id=\"oferta\" style=\"background-color: rgb(245, 250, 253);\"><div  class=\"gridContainer\"> <div  class=\"row text-center\"><div  class=\"section-title-col\" data-type=\"column\"> <h2  class=\"\">Oferta<\/h2> <p  class=\"lead\">Specjalizujemy si\u0119 w kompleksowej obs\u0142udze informatycznej firm, pocz\u0105wszy od doradztwa, dostarczenia sprz\u0119tu oraz oprogramowania, poprzez budow\u0119 sieci komputerowych i opiek\u0119 nad ca\u0142\u0105 infrastruktur\u0105.<br ><br >Oferujemy mo\u017cliwo\u015b\u0107 zawarcia sta\u0142ej umowy abonamentowej, wsp\u00f3\u0142pracy przy dedykowanych projektach lub pomocy na \u017c\u0105danie<\/p><\/div> <\/div> <div  class=\"row spaced-cols content-center-sm\" data-type=\"row\"> <div  class=\"col col-sm-6 space-bottom col-md-6\"> <i  class=\"fa icon color1 fa-comments-o reverse round big\"><\/i><h4  class=\"\">DORADZTWO INFORMATYCZNE<\/h4>  <p  class=\"\">Pomagamy w:<br >\u2013 budowie, rozbudowie infrastruktury informatycznej,<br >\u2013 wyborze sprz\u0119tu komputerowego,<br >\u2013 wyborze oprogramowania,<br >\u2013 optymalizacji istniej\u0105cych rozwi\u0105za\u0144.<\/p> <\/div> <div  class=\"col col-sm-6 space-bottom col-md-6\"><i  class=\"fa icon color1 fa-server reverse round big\"><\/i> <h4  class=\"\">SPRZ\u0118T I INFRASTRUKTURA KOMPUTEROWA<\/h4> <p  class=\"\">Dostarczamy:<br >\u2013 stacje robocze i serwery,<br >\u2013 systemy zasilania awaryjnego,<br >\u2013 macierze dyskowe i nas,<br >\u2013 switch\u2019e, router\u2019y.<\/p> <\/div> <div  class=\"col col-sm-6 space-bottom col-md-6\"><i  class=\"fa icon color1 fa-magic reverse round big\"><\/i> <h4  class=\"\">WDRO\u017bENIA INFORMATYCZNE\n<\/h4> <p  class=\"\">Wykonujemy:<br >\u2013 dokumentacj\u0119,<br >\u2013 konfiguracj\u0119 infrastruktury technicznej,<br >\u2013 konfiguracj\u0119 systemu informatycznego,<br >\u2013 migracj\u0119 danych,<br >\u2013 testy systemu.\n<\/p> <\/div> <div  class=\"col col-sm-6 space-bottom col-md-6\"><i  class=\"fa icon color1 fa-wifi reverse round big\"><\/i> <h4  class=\"\">SIECI KOMPUTEROWE<\/h4> <p  class=\"\">Wykonujemy:<br >\u2013 sieci kablowe i bezprzewodowe,<br >\u2013 konfiguracj\u0119 dost\u0119pu do internetu,<br >\u2013 konfiguracj\u0119 urz\u0105dze\u0144 sieciowych,<br >\u2013 konfiguracj\u0119 dost\u0119pu zdalnego.<\/p> <\/div> <div  class=\"col col-sm-6 space-bottom col-md-6\"> <i  class=\"fa icon color1 fa-cogs reverse round big\"><\/i> <h4  class=\"\">OBS\u0141UGA INFORMATYCZNA<\/h4> <p  class=\"\">Zapewniamy:<br >\u2013 ci\u0105g\u0142o\u015b\u0107 dzia\u0142ania system\u00f3w,<br >\u2013 pomoc przy usuwaniu awarii,<br >\u2013 administracj\u0119 stacjami roboczymi oraz serwerami,<br >\u2013 napraw\u0119 sprz\u0119tu komputerowego.<\/p> <\/div><div  class=\"col col-sm-6 space-bottom col-md-6\"> <i  class=\"fa icon color1 fa-windows reverse round big\"><\/i> <h4  class=\"\">OPROGRAMOWANIE KOMPUTEROWE<\/h4> <p  class=\"\">Realizujemy:<br >\u2013 instalacj\u0119 i konfiguracj\u0119 system\u00f3w operacyjnych,<br >\u2013 oprogramowanie dedykowane,<br >\u2013 instalacj\u0119 oprogramowania,<br >\u2013 systemy bazodanowe.<\/p> <\/div><\/div><\/div> <\/div><div  data-label=\"Kontakt\" data-id=\"about--4\" data-export-id=\"about-4\" data-category=\"about\" class=\"about-4 content-section content-section-spacing\" id=\"kontakt\" style=\"background-color: rgb(245, 250, 253);\"><div  class=\"gridContainer\"> <div  class=\"row middle-sm text-center\"><div  class=\"col-sm-5 space-bottom-xs\" data-type=\"column\">  <h2  class=\"\">Kontakt<\/h2> <p  class=\"\">HexInt Piotr Poleszczuk<br >pl. Nankiera 7\/2, 50 \u2013 140 Wroc\u0142aw<br >NIP: 8971627728, REGON: 363152190\n<br ><br >info@hexint.pl<br ><br >\n+48 780 054 128<\/p> <\/div> <div  class=\"col-sm-7 flexbox center-xs middle-xs image-group-2-img\"> <a data-cp-link=\"1\" href=\"#\" class=\"img-1-anchor\" target=\"_self\" rel=\"noopener\"><img  decoding=\"async\" class=\"img-1 shadow-large\" data-size=\"250x200\" src=\"https:\/\/hexint.pl\/wp-content\/uploads\/2023\/06\/cropped-pexels-monstera-7412095-scaled-1.jpg\" title=\"building\" alt=\"\"><\/a> <a data-cp-link=\"1\" href=\"#\" class=\"img-2-anchor\" target=\"_self\" rel=\"noopener\"><img  decoding=\"async\" class=\"img-2 shadow-large\" data-size=\"220x170\" src=\"https:\/\/hexint.pl\/wp-content\/uploads\/2023\/06\/cropped-pexels-kostiantyn-klymovets-13805961-scaled-1.jpg\"><\/a><\/div> <\/div><\/div> <\/div>","protected":false},"excerpt":{"rendered":"<p>O Firmie W bran\u017cy informatycznej dzia\u0142amy od 2006 roku.Zapewniamy profesjonalne wsparcie informatyczne, zdalnie lub w siedzibie klienta. Oferta Specjalizujemy si\u0119 w kompleksowej obs\u0142udze informatycznej firm, pocz\u0105wszy od doradztwa, dostarczenia sprz\u0119tu oraz oprogramowania, poprzez budow\u0119 sieci komputerowych i opiek\u0119 nad ca\u0142\u0105 infrastruktur\u0105.Oferujemy mo\u017cliwo\u015b\u0107 zawarcia sta\u0142ej umowy abonamentowej, wsp\u00f3\u0142pracy przy dedykowanych projektach lub pomocy na \u017c\u0105danie DORADZTWO&hellip; <br \/> <a class=\"read-more\" href=\"https:\/\/hexint.pl\/\">Dowiedz si\u0119 wi\u0119cej<\/a><\/p>\n","protected":false},"author":1,"featured_media":0,"parent":0,"menu_order":0,"comment_status":"closed","ping_status":"closed","template":"page-templates\/homepage.php","meta":{"footnotes":""},"class_list":["post-5","page","type-page","status-publish","hentry"],"_links":{"self":[{"href":"https:\/\/hexint.pl\/index.php?rest_route=\/wp\/v2\/pages\/5","targetHints":{"allow":["GET"]}}],"collection":[{"href":"https:\/\/hexint.pl\/index.php?rest_route=\/wp\/v2\/pages"}],"about":[{"href":"https:\/\/hexint.pl\/index.php?rest_route=\/wp\/v2\/types\/page"}],"author":[{"embeddable":true,"href":"https:\/\/hexint.pl\/index.php?rest_route=\/wp\/v2\/users\/1"}],"replies":[{"embeddable":true,"href":"https:\/\/hexint.pl\/index.php?rest_route=%2Fwp%2Fv2%2Fcomments&post=5"}],"version-history":[{"count":16,"href":"https:\/\/hexint.pl\/index.php?rest_route=\/wp\/v2\/pages\/5\/revisions"}],"predecessor-version":[{"id":79,"href":"https:\/\/hexint.pl\/index.php?rest_route=\/wp\/v2\/pages\/5\/revisions\/79"}],"wp:attachment":[{"href":"https:\/\/hexint.pl\/index.php?rest_route=%2Fwp%2Fv2%2Fmedia&parent=5"}],"curies":[{"name":"wp","href":"https:\/\/api.w.org\/{rel}","templated":true}]}}